{"id":5428,"date":"2022-03-06T15:51:18","date_gmt":"2022-03-06T15:51:18","guid":{"rendered":"https:\/\/fresso.pl\/polityka-prywatnosci\/"},"modified":"2023-09-20T12:19:04","modified_gmt":"2023-09-20T12:19:04","slug":"datenschutzpolitik","status":"publish","type":"page","link":"https:\/\/fresso.pl\/de\/datenschutzpolitik\/","title":{"rendered":"Datenschutzpolitik"},"content":{"rendered":"\n<p>Datenschutzpolitik von www.fresso.pl<\/p>\n\n\n\n<p>Allgemeine Informationen<\/p>\n\n\n\n<p>In dieser Datenschutzerkl\u00e4rung werden die Grunds\u00e4tze f\u00fcr die Verarbeitung und den Schutz personenbezogener Daten dargelegt, die von den Nutzern im Zusammenhang mit der Inanspruchnahme von Dienstleistungen \u00fcber die Website bereitgestellt werden.<\/p>\n\n\n\n<p>Aus Sorge um die Sicherheit der uns anvertrauten Daten haben wir interne Verfahren und Empfehlungen entwickelt, um zu verhindern, dass die Daten Unbefugten zug\u00e4nglich gemacht werden. Wir \u00fcberwachen ihre Anwendung und \u00fcberpr\u00fcfen st\u00e4ndig ihre \u00dcbereinstimmung mit den einschl\u00e4gigen Rechtsakten &#8211; dem Gesetz \u00fcber den Schutz personenbezogener Daten, dem Gesetz \u00fcber die Erbringung elektronischer Dienstleistungen sowie allen Arten von Durchf\u00fchrungsrechtsakten und Gemeinschaftsvorschriften.<\/p>\n\n\n\n<p>Die Verarbeitung personenbezogener Daten erfolgt auf der Grundlage der Zustimmung des Nutzers und in den F\u00e4llen, in denen die gesetzlichen Bestimmungen den Verwalter zur Verarbeitung personenbezogener Daten auf der Grundlage der gesetzlichen Bestimmungen oder zum Zweck der Erf\u00fcllung eines zwischen den Parteien geschlossenen Vertrags erm\u00e4chtigen.<\/p>\n\n\n\n<p>Die Website erf\u00fcllt die Funktion der Gewinnung von Informationen \u00fcber die Nutzer und ihr Verhalten auf folgende Weise:<\/p>\n\n\n\n<p>durch freiwillig in Formulare eingegebene Informationen<\/p>\n\n\n\n<p>durch die Sammlung von &#8222;Cookies&#8220; [siehe Cookie-Richtlinie].<\/p>\n\n\n\n<p>Der Dienst sammelt Informationen, die der Nutzer freiwillig angibt.<\/p>\n\n\n\n<p>Die in den Formularen angegebenen Daten werden zu dem Zweck verarbeitet, der sich aus der Funktion des jeweiligen Formulars ergibt, z. B. zur Durchf\u00fchrung eines Informationskontakts.<\/p>\n\n\n\n<p>Pers\u00f6nliche Daten, die auf der Website hinterlassen werden, werden gem\u00e4\u00df den Bestimmungen des Gesetzes \u00fcber den Schutz personenbezogener Daten nicht an Dritte verkauft oder weitergegeben.<\/p>\n\n\n\n<p>Die im Formular enthaltenen Daten k\u00f6nnen von der Person eingesehen werden, die sie dort hinterlegt hat. Diese Person hat auch das Recht, ihre Daten jederzeit zu \u00e4ndern und deren Verarbeitung zu stoppen.<\/p>\n\n\n\n<p>Wir behalten uns das Recht vor, \u00c4nderungen an der Datenschutzpolitik der Website vorzunehmen, die von der Entwicklung der Internettechnologie, m\u00f6glichen \u00c4nderungen des Gesetzes \u00fcber den Schutz personenbezogener Daten und der Entwicklung unserer Website beeinflusst werden k\u00f6nnen. Wir werden Sie \u00fcber alle \u00c4nderungen in sichtbarer und verst\u00e4ndlicher Form informieren.<\/p>\n\n\n\n<p>Auf der Website k\u00f6nnen Links zu anderen Websites erscheinen. Diese Websites werden unabh\u00e4ngig von der Website betrieben und stehen in keiner Weise unter der Aufsicht von www.fresso.pl. Diese Websites k\u00f6nnen ihre eigenen Datenschutzrichtlinien und Gesch\u00e4ftsbedingungen haben, die wir Ihnen zu lesen empfehlen.<\/p>\n\n\n\n<p>Sollten Sie Zweifel an den Bestimmungen dieser Datenschutzrichtlinie haben, stehen wir Ihnen gerne zur Verf\u00fcgung &#8211; unsere Kontaktdaten finden Sie im Abschnitt KONTAKT.<\/p>\n","protected":false},"excerpt":{"rendered":"<p>Datenschutzpolitik von www.fresso.pl Allgemeine Informationen In dieser Datenschutzerkl\u00e4rung werden die Grunds\u00e4tze f\u00fcr die Verarbeitung und den Schutz personenbezogener Daten dargelegt, die von den Nutzern im Zusammenhang mit der Inanspruchnahme von Dienstleistungen \u00fcber die Website bereitgestellt werden. Aus Sorge um die Sicherheit der uns anvertrauten Daten haben wir interne Verfahren und Empfehlungen entwickelt, um zu verhindern, [&hellip;]<\/p>\n","protected":false},"author":4,"featured_media":0,"parent":0,"menu_order":0,"comment_status":"closed","ping_status":"open","template":"","meta":{"inline_featured_image":false,"footnotes":""},"acf":[],"_links":{"self":[{"href":"https:\/\/fresso.pl\/de\/wp-json\/wp\/v2\/pages\/5428"}],"collection":[{"href":"https:\/\/fresso.pl\/de\/wp-json\/wp\/v2\/pages"}],"about":[{"href":"https:\/\/fresso.pl\/de\/wp-json\/wp\/v2\/types\/page"}],"author":[{"embeddable":true,"href":"https:\/\/fresso.pl\/de\/wp-json\/wp\/v2\/users\/4"}],"replies":[{"embeddable":true,"href":"https:\/\/fresso.pl\/de\/wp-json\/wp\/v2\/comments?post=5428"}],"version-history":[{"count":2,"href":"https:\/\/fresso.pl\/de\/wp-json\/wp\/v2\/pages\/5428\/revisions"}],"predecessor-version":[{"id":9573,"href":"https:\/\/fresso.pl\/de\/wp-json\/wp\/v2\/pages\/5428\/revisions\/9573"}],"wp:attachment":[{"href":"https:\/\/fresso.pl\/de\/wp-json\/wp\/v2\/media?parent=5428"}],"curies":[{"name":"wp","href":"https:\/\/api.w.org\/{rel}","templated":true}]}}